{"id":596,"date":"2024-08-26T13:37:46","date_gmt":"2024-08-26T11:37:46","guid":{"rendered":"https:\/\/smzwood.be\/trucks-parts\/"},"modified":"2024-10-25T12:40:19","modified_gmt":"2024-10-25T10:40:19","slug":"trucks-parts","status":"publish","type":"page","link":"https:\/\/smzwood.be\/fr\/trucks-parts\/","title":{"rendered":"Camions &#8211; pi\u00e8ces d\u00e9tach\u00e9es"},"content":{"rendered":"\n<\/div><\/div><\/div><!-- close content main div --><\/div><\/div>\n<style type=\"text\/css\" data-created_by=\"avia_inline_auto\" id=\"style-css-av-m0ax9o86-4351680cc41113faafa1123ff0d3a0bf\">\n.avia-section.av-m0ax9o86-4351680cc41113faafa1123ff0d3a0bf{\nbackground-color:#b10600;\nbackground-image:unset;\n}\n<\/style>\n<div id='av_section_1'  class='avia-section av-m0ax9o86-4351680cc41113faafa1123ff0d3a0bf main_color avia-section-small avia-no-border-styling  avia-builder-el-1  el_after_av_codeblock  el_before_av_section  avia-bg-style-scroll container_wrap fullsize'  ><div class='container av-section-cont-open' ><div class='template-page content  av-content-full alpha units'><div class='post-entry post-entry-type-page post-entry-596'><div class='entry-content-wrapper clearfix'>\n\n<style type=\"text\/css\" data-created_by=\"avia_inline_auto\" id=\"style-css-av-m0axcy5q-99a5c866bb1f676e2c6d5a00c2879043\">\n#top .av_textblock_section.av-m0axcy5q-99a5c866bb1f676e2c6d5a00c2879043 .avia_textblock{\ncolor:#ffffff;\n}\n<\/style>\n<section  class='av_textblock_section av-m0axcy5q-99a5c866bb1f676e2c6d5a00c2879043 '   itemscope=\"itemscope\" itemtype=\"https:\/\/schema.org\/CreativeWork\" ><div class='avia_textblock av_inherit_color'  itemprop=\"text\" ><h1>Camions &#8211; pi\u00e8ces d\u00e9tach\u00e9es<\/h1>\n<\/div><\/section>\n\n<\/div><\/div><\/div><!-- close content main div --><\/div><\/div>\n<style type=\"text\/css\" data-created_by=\"avia_inline_auto\" id=\"style-css-av-m0axc2qg-b9d5fb8625bfbbab00fa07f95b71c664\">\n.avia-section.av-m0axc2qg-b9d5fb8625bfbbab00fa07f95b71c664{\nbackground-color:#f5e8e7;\nbackground-image:url(https:\/\/smzwood.be\/wp-content\/uploads\/2024\/08\/bg01.png);\nbackground-repeat:no-repeat;\nbackground-position:50% 0%;\nbackground-attachment:scroll;\n}\n<\/style>\n<div id='av_section_2'  class='avia-section av-m0axc2qg-b9d5fb8625bfbbab00fa07f95b71c664 main_color avia-section-small avia-no-border-styling  avia-builder-el-3  el_after_av_section  el_before_av_slideshow_full  avia-full-stretch avia-bg-style-scroll container_wrap fullsize'  data-section-bg-repeat='stretch'><div class='container av-section-cont-open' ><div class='template-page content  av-content-full alpha units'><div class='post-entry post-entry-type-page post-entry-596'><div class='entry-content-wrapper clearfix'>\n<section  class='av_textblock_section av-m0axb22r-52539b85b35852a7f9fda2c9675e31ef '   itemscope=\"itemscope\" itemtype=\"https:\/\/schema.org\/CreativeWork\" ><div class='avia_textblock'  itemprop=\"text\" ><h2>Camions \u00e0 vendre, livraison dans le monde entier\u2026 Rendez-vous sur notre site officiel smz.be <\/h2>\n<\/div><\/section>\n\n<\/div><\/div><\/div><!-- close content main div --><\/div><\/div><div id='full_slider_1'  class='avia-fullwidth-slider main_color avia-shadow   avia-builder-el-5  el_after_av_section  avia-builder-el-last   slider-not-first container_wrap fullsize'  ><div  class='avia-slideshow av-m0axfgac-b1671edd6d9def62cbdaefc256020ea4 avia-slideshow-no scaling av_slideshow_full avia-fade-slider av-slideshow-ui av-control-default av-slideshow-manual av-loop-once av-loop-manual-endless av-default-height-applied   avia-slideshow-1' data-slideshow-options=\"{&quot;animation&quot;:&quot;fade&quot;,&quot;autoplay&quot;:false,&quot;loop_autoplay&quot;:&quot;once&quot;,&quot;interval&quot;:5,&quot;loop_manual&quot;:&quot;manual-endless&quot;,&quot;autoplay_stopper&quot;:false,&quot;noNavigation&quot;:false,&quot;bg_slider&quot;:false,&quot;keep_padding&quot;:false,&quot;hoverpause&quot;:false,&quot;show_slide_delay&quot;:0}\"  itemprop=\"image\" itemscope=\"itemscope\" itemtype=\"https:\/\/schema.org\/ImageObject\" ><ul class='avia-slideshow-inner ' style='padding-bottom: 29.394812680115%;'><li  class='avia-slideshow-slide av-m0axfgac-b1671edd6d9def62cbdaefc256020ea4__0  av-single-slide slide-1 slide-odd'><div data-rel='slideshow-1' class='avia-slide-wrap '   ><img decoding=\"async\" fetchpriority=\"high\" class=\"wp-image-549 avia-img-lazy-loading-not-549\"  src=\"https:\/\/smzwood.be\/wp-content\/uploads\/2024\/08\/Scherm\u00adafbeelding-2024-08-26-om-13.33.50.png\" width=\"2776\" height=\"816\" title='Scherm\u00adafbeelding 2024-08-26 om 13.33.50' alt=''  itemprop=\"thumbnailUrl\" srcset=\"https:\/\/smzwood.be\/wp-content\/uploads\/2024\/08\/Scherm\u00adafbeelding-2024-08-26-om-13.33.50.png 2776w, https:\/\/smzwood.be\/wp-content\/uploads\/2024\/08\/Scherm\u00adafbeelding-2024-08-26-om-13.33.50-300x88.png 300w, https:\/\/smzwood.be\/wp-content\/uploads\/2024\/08\/Scherm\u00adafbeelding-2024-08-26-om-13.33.50-1030x303.png 1030w, https:\/\/smzwood.be\/wp-content\/uploads\/2024\/08\/Scherm\u00adafbeelding-2024-08-26-om-13.33.50-768x226.png 768w, https:\/\/smzwood.be\/wp-content\/uploads\/2024\/08\/Scherm\u00adafbeelding-2024-08-26-om-13.33.50-1536x452.png 1536w, https:\/\/smzwood.be\/wp-content\/uploads\/2024\/08\/Scherm\u00adafbeelding-2024-08-26-om-13.33.50-2048x602.png 2048w, https:\/\/smzwood.be\/wp-content\/uploads\/2024\/08\/Scherm\u00adafbeelding-2024-08-26-om-13.33.50-1500x441.png 1500w, https:\/\/smzwood.be\/wp-content\/uploads\/2024\/08\/Scherm\u00adafbeelding-2024-08-26-om-13.33.50-705x207.png 705w\" sizes=\"(max-width: 2776px) 100vw, 2776px\" \/><\/div><\/li><\/ul><\/div><\/div>\n","protected":false},"excerpt":{"rendered":"","protected":false},"author":2,"featured_media":0,"parent":0,"menu_order":0,"comment_status":"closed","ping_status":"closed","template":"","meta":{"footnotes":""},"class_list":["post-596","page","type-page","status-publish","hentry"],"_links":{"self":[{"href":"https:\/\/smzwood.be\/fr\/wp-json\/wp\/v2\/pages\/596"}],"collection":[{"href":"https:\/\/smzwood.be\/fr\/wp-json\/wp\/v2\/pages"}],"about":[{"href":"https:\/\/smzwood.be\/fr\/wp-json\/wp\/v2\/types\/page"}],"author":[{"embeddable":true,"href":"https:\/\/smzwood.be\/fr\/wp-json\/wp\/v2\/users\/2"}],"replies":[{"embeddable":true,"href":"https:\/\/smzwood.be\/fr\/wp-json\/wp\/v2\/comments?post=596"}],"version-history":[{"count":7,"href":"https:\/\/smzwood.be\/fr\/wp-json\/wp\/v2\/pages\/596\/revisions"}],"predecessor-version":[{"id":1450,"href":"https:\/\/smzwood.be\/fr\/wp-json\/wp\/v2\/pages\/596\/revisions\/1450"}],"wp:attachment":[{"href":"https:\/\/smzwood.be\/fr\/wp-json\/wp\/v2\/media?parent=596"}],"curies":[{"name":"wp","href":"https:\/\/api.w.org\/{rel}","templated":true}]}}