{"id":589,"date":"2024-08-22T12:12:25","date_gmt":"2024-08-22T10:12:25","guid":{"rendered":"https:\/\/smzwood.be\/contact\/"},"modified":"2024-09-04T10:49:11","modified_gmt":"2024-09-04T08:49:11","slug":"contact","status":"publish","type":"page","link":"https:\/\/smzwood.be\/fr\/contact\/","title":{"rendered":"Contactez-nous"},"content":{"rendered":"\n<\/div><\/div><\/div><!-- close content main div --><\/div><\/div>\n<style type=\"text\/css\" data-created_by=\"avia_inline_auto\" id=\"style-css-av-m054ix0n-f272a0bdfeed361e037e0410ee8533dc\">\n.avia-section.av-m054ix0n-f272a0bdfeed361e037e0410ee8533dc{\nbackground-color:#b10600;\nbackground-image:unset;\n}\n<\/style>\n<div id='av_section_1'  class='avia-section av-m054ix0n-f272a0bdfeed361e037e0410ee8533dc main_color avia-section-small avia-no-border-styling  avia-builder-el-1  el_after_av_codeblock  el_before_av_section  avia-bg-style-scroll container_wrap fullsize'  ><div class='container av-section-cont-open' ><div class='template-page content  av-content-full alpha units'><div class='post-entry post-entry-type-page post-entry-589'><div class='entry-content-wrapper clearfix'>\n\n<style type=\"text\/css\" data-created_by=\"avia_inline_auto\" id=\"style-css-av-m054i5pk-5c63c7057cdc0213b7aef50549ff9948\">\n#top .av_textblock_section.av-m054i5pk-5c63c7057cdc0213b7aef50549ff9948 .avia_textblock{\ncolor:#ffffff;\n}\n<\/style>\n<section  class='av_textblock_section av-m054i5pk-5c63c7057cdc0213b7aef50549ff9948 '   itemscope=\"itemscope\" itemtype=\"https:\/\/schema.org\/CreativeWork\" ><div class='avia_textblock av_inherit_color'  itemprop=\"text\" ><h1>Contactez-nous<\/h1>\n<\/div><\/section>\n\n<\/div><\/div><\/div><!-- close content main div --><\/div><\/div>\n<style type=\"text\/css\" data-created_by=\"avia_inline_auto\" id=\"style-css-av-m054oxza-81603629129e5c12916e996e54faa682\">\n.avia-section.av-m054oxza-81603629129e5c12916e996e54faa682{\nbackground-color:#f5e8e7;\nbackground-image:url(https:\/\/smzwood.be\/wp-content\/uploads\/2024\/08\/bg01.png);\nbackground-repeat:no-repeat;\nbackground-position:50% 0%;\nbackground-attachment:scroll;\n}\n<\/style>\n<div id='av_section_2'  class='avia-section av-m054oxza-81603629129e5c12916e996e54faa682 main_color avia-section-small avia-no-border-styling  avia-builder-el-3  el_after_av_section  el_before_av_slideshow_full  avia-full-stretch avia-bg-style-scroll container_wrap fullsize'  data-section-bg-repeat='stretch'><div class='container av-section-cont-open' ><div class='template-page content  av-content-full alpha units'><div class='post-entry post-entry-type-page post-entry-589'><div class='entry-content-wrapper clearfix'>\n<div  class='flex_column av-jcqq5-e7f04db9c92e522bc3c5310dce748df9 av_three_fourth  avia-builder-el-4  el_before_av_one_fourth  avia-builder-el-first  first flex_column_div  '     ><section  class='av_textblock_section av-m054pnkq-0506a670a6ea0eea77979db160f8379b '   itemscope=\"itemscope\" itemtype=\"https:\/\/schema.org\/CreativeWork\" ><div class='avia_textblock'  itemprop=\"text\" ><p><strong>Si vous avez des questions, des remarques ou si vous souhaitez obtenir des renseignements suppl\u00e9mentaires, n&rsquo;h\u00e9sitez pas \u00e0 nous contacter d\u00e8s aujourd&rsquo;hui. Notre \u00e9quipe se fera un plaisir de vous accompagner. <\/strong><\/p>\n<\/div><\/section><\/div><div  class='flex_column av-1f9ud-a3989db94cfaab06490a347bc7da2a6d av_one_fourth  avia-builder-el-6  el_after_av_three_fourth  el_before_av_one_full  flex_column_div  '     ><\/div><div  class='flex_column av-7m14t-05acdac3f40ffb9a5e6f5d3470eb2301 av_one_full  avia-builder-el-7  el_after_av_one_fourth  el_before_av_one_half  first flex_column_div  column-top-margin'     ><section  class='av_textblock_section av-m0553qwj-7106b73cb0fefa3f00baf34f37911a67 '   itemscope=\"itemscope\" itemtype=\"https:\/\/schema.org\/CreativeWork\" ><div class='avia_textblock'  itemprop=\"text\" ><h2 style=\"text-align: center;\"><strong>Responsables des ventes du bois<\/strong><\/h2>\n<\/div><\/section><\/div><div  class='flex_column av-jayol-8f3aa6cd7ab4914dcf1bf45f814d2eb3 av_one_half  avia-builder-el-9  el_after_av_one_full  el_before_av_one_half  first flex_column_div  column-top-margin'     ><section  class='av_textblock_section av-m057wmc2-dbecb0130c033d138239a5a1d66e3970 '   itemscope=\"itemscope\" itemtype=\"https:\/\/schema.org\/CreativeWork\" ><div class='av-small-hide av-mini-hide avia_textblock'  itemprop=\"text\" ><h3 style=\"text-align: center;\"><strong>Patrick<\/strong><\/h3>\n<\/div><\/section><br \/>\n<section  class='av_textblock_section av-m0nm976f-8c2eb2a24e6a52ec7eddf1ab5ae58ebc '   itemscope=\"itemscope\" itemtype=\"https:\/\/schema.org\/CreativeWork\" ><div class='av-desktop-hide av-medium-hide avia_textblock'  itemprop=\"text\" ><h3 style=\"text-align: left;\"><strong>Patrick<\/strong><\/h3>\n<\/div><\/section><br \/>\n<section  class='av_textblock_section av-m0584vuo-c455cc4f967dfc25a802123da1623a87 '   itemscope=\"itemscope\" itemtype=\"https:\/\/schema.org\/CreativeWork\" ><div class='avia_textblock'  itemprop=\"text\" ><p style=\"text-align: left;\"><strong>+33 7 86 58 85 26<\/strong><strong><img loading=\"lazy\" decoding=\"async\" class=\"alignnone wp-image-221 alignleft\" src=\"https:\/\/smzwood.be\/wp-content\/uploads\/2024\/08\/whatsapp-300x300.png\" alt=\"\" width=\"19\" height=\"19\" srcset=\"https:\/\/smzwood.be\/wp-content\/uploads\/2024\/08\/whatsapp-300x300.png 300w, https:\/\/smzwood.be\/wp-content\/uploads\/2024\/08\/whatsapp-80x80.png 80w, https:\/\/smzwood.be\/wp-content\/uploads\/2024\/08\/whatsapp-36x36.png 36w, https:\/\/smzwood.be\/wp-content\/uploads\/2024\/08\/whatsapp-180x180.png 180w, https:\/\/smzwood.be\/wp-content\/uploads\/2024\/08\/whatsapp.png 512w\" sizes=\"(max-width: 19px) 100vw, 19px\" \/><\/strong><\/p>\n<p style=\"text-align: left;\"><img loading=\"lazy\" decoding=\"async\" class=\"alignnone wp-image-222\" src=\"https:\/\/smzwood.be\/wp-content\/uploads\/2024\/08\/mail-300x300.png\" alt=\"\" width=\"19\" height=\"19\" srcset=\"https:\/\/smzwood.be\/wp-content\/uploads\/2024\/08\/mail-300x300.png 300w, https:\/\/smzwood.be\/wp-content\/uploads\/2024\/08\/mail-80x80.png 80w, https:\/\/smzwood.be\/wp-content\/uploads\/2024\/08\/mail-36x36.png 36w, https:\/\/smzwood.be\/wp-content\/uploads\/2024\/08\/mail-180x180.png 180w, https:\/\/smzwood.be\/wp-content\/uploads\/2024\/08\/mail.png 512w\" sizes=\"(max-width: 19px) 100vw, 19px\" \/> xxxxx@xxxx.com<\/p>\n<\/div><\/section><\/p><\/div><div  class='flex_column av-nnzgl-8e81361192f00110dea743395004d825 av_one_half  avia-builder-el-13  el_after_av_one_half  el_before_av_one_full  flex_column_div  column-top-margin'     ><section  class='av_textblock_section av-e1ut9-608bf695b3c28033085f611f63c459a8 '   itemscope=\"itemscope\" itemtype=\"https:\/\/schema.org\/CreativeWork\" ><div class='av-small-hide av-mini-hide avia_textblock'  itemprop=\"text\" ><h3 style=\"text-align: center;\"><strong>Le jazz<\/strong><\/h3>\n<\/div><\/section><br \/>\n<section  class='av_textblock_section av-m0nm9y1t-4885f14916c3c52f29be242f8fffcc11 '   itemscope=\"itemscope\" itemtype=\"https:\/\/schema.org\/CreativeWork\" ><div class='av-desktop-hide av-medium-hide avia_textblock'  itemprop=\"text\" ><h3 style=\"text-align: left;\"><strong>Jazz<\/strong><\/h3>\n<\/div><\/section><br \/>\n<section  class='av_textblock_section av-aeze5-4fdcb1b3b28884591abb57762068e140 '   itemscope=\"itemscope\" itemtype=\"https:\/\/schema.org\/CreativeWork\" ><div class='avia_textblock'  itemprop=\"text\" ><p style=\"text-align: left;\"><strong>+33 6 69 94 01 21<\/strong><strong><img loading=\"lazy\" decoding=\"async\" class=\"alignnone wp-image-221 alignleft\" src=\"https:\/\/smzwood.be\/wp-content\/uploads\/2024\/08\/whatsapp-300x300.png\" alt=\"\" width=\"19\" height=\"19\" srcset=\"https:\/\/smzwood.be\/wp-content\/uploads\/2024\/08\/whatsapp-300x300.png 300w, https:\/\/smzwood.be\/wp-content\/uploads\/2024\/08\/whatsapp-80x80.png 80w, https:\/\/smzwood.be\/wp-content\/uploads\/2024\/08\/whatsapp-36x36.png 36w, https:\/\/smzwood.be\/wp-content\/uploads\/2024\/08\/whatsapp-180x180.png 180w, https:\/\/smzwood.be\/wp-content\/uploads\/2024\/08\/whatsapp.png 512w\" sizes=\"(max-width: 19px) 100vw, 19px\" \/><\/strong><\/p>\n<p style=\"text-align: left;\"><img loading=\"lazy\" decoding=\"async\" class=\"alignnone wp-image-222\" src=\"https:\/\/smzwood.be\/wp-content\/uploads\/2024\/08\/mail-300x300.png\" alt=\"\" width=\"19\" height=\"19\" srcset=\"https:\/\/smzwood.be\/wp-content\/uploads\/2024\/08\/mail-300x300.png 300w, https:\/\/smzwood.be\/wp-content\/uploads\/2024\/08\/mail-80x80.png 80w, https:\/\/smzwood.be\/wp-content\/uploads\/2024\/08\/mail-36x36.png 36w, https:\/\/smzwood.be\/wp-content\/uploads\/2024\/08\/mail-180x180.png 180w, https:\/\/smzwood.be\/wp-content\/uploads\/2024\/08\/mail.png 512w\" sizes=\"(max-width: 19px) 100vw, 19px\" \/> xxxxx@xxxx.com<\/p>\n<\/div><\/section><\/p><\/div><div  class='flex_column av-7r8mt-ca8f52c8636bdec1431516968f0e6b22 av_one_full  avia-builder-el-17  el_after_av_one_half  avia-builder-el-last  first flex_column_div  column-top-margin'     ><style type=\"text\/css\" data-created_by=\"avia_inline_auto\" id=\"style-css-av-m058fwqu-004a5d5ec5274f65b3e30279018420db\">\n.avia-image-container.av-m058fwqu-004a5d5ec5274f65b3e30279018420db img.avia_image{\nbox-shadow:none;\n}\n.avia-image-container.av-m058fwqu-004a5d5ec5274f65b3e30279018420db .av-image-caption-overlay-center{\ncolor:#ffffff;\n}\n<\/style>\n<div  class='avia-image-container av-m058fwqu-004a5d5ec5274f65b3e30279018420db av-styling- avia-align-center  avia-builder-el-18  avia-builder-el-no-sibling '   itemprop=\"image\" itemscope=\"itemscope\" itemtype=\"https:\/\/schema.org\/ImageObject\" ><div class=\"avia-image-container-inner\"><div class=\"avia-image-overlay-wrap\"><img decoding=\"async\" fetchpriority=\"high\" class='wp-image-507 avia-img-lazy-loading-not-507 avia_image ' src=\"https:\/\/smzwood.be\/wp-content\/uploads\/2024\/08\/Scherm\u00adafbeelding-2024-08-22-om-13.58.05.png\" alt='' title='Scherm\u00adafbeelding 2024-08-22 om 13.58.05'  height=\"588\" width=\"2088\"  itemprop=\"thumbnailUrl\" srcset=\"https:\/\/smzwood.be\/wp-content\/uploads\/2024\/08\/Scherm\u00adafbeelding-2024-08-22-om-13.58.05.png 2088w, https:\/\/smzwood.be\/wp-content\/uploads\/2024\/08\/Scherm\u00adafbeelding-2024-08-22-om-13.58.05-300x84.png 300w, https:\/\/smzwood.be\/wp-content\/uploads\/2024\/08\/Scherm\u00adafbeelding-2024-08-22-om-13.58.05-1030x290.png 1030w, https:\/\/smzwood.be\/wp-content\/uploads\/2024\/08\/Scherm\u00adafbeelding-2024-08-22-om-13.58.05-768x216.png 768w, https:\/\/smzwood.be\/wp-content\/uploads\/2024\/08\/Scherm\u00adafbeelding-2024-08-22-om-13.58.05-1536x433.png 1536w, https:\/\/smzwood.be\/wp-content\/uploads\/2024\/08\/Scherm\u00adafbeelding-2024-08-22-om-13.58.05-2048x577.png 2048w, https:\/\/smzwood.be\/wp-content\/uploads\/2024\/08\/Scherm\u00adafbeelding-2024-08-22-om-13.58.05-1500x422.png 1500w, https:\/\/smzwood.be\/wp-content\/uploads\/2024\/08\/Scherm\u00adafbeelding-2024-08-22-om-13.58.05-705x199.png 705w\" sizes=\"(max-width: 2088px) 100vw, 2088px\" \/><\/div><\/div><\/div><\/div><\/div><\/div><\/div><!-- close content main div --><\/div><\/div><div id='full_slider_1'  class='avia-fullwidth-slider main_color avia-shadow   avia-builder-el-19  el_after_av_section  avia-builder-el-last   slider-not-first container_wrap fullsize'  ><div  class='avia-slideshow av-m0593f0c-d11e737cdbb3969f664c01b3093cd75f avia-slideshow-no scaling av_slideshow_full avia-fade-slider av-slideshow-ui av-control-hidden av-no-slider-navigation av-hide-nav-arrows av-slideshow-manual av-loop-once av-loop-manual-endless av-default-height-applied   avia-slideshow-1' data-slideshow-options=\"{&quot;animation&quot;:&quot;fade&quot;,&quot;autoplay&quot;:false,&quot;loop_autoplay&quot;:&quot;once&quot;,&quot;interval&quot;:5,&quot;loop_manual&quot;:&quot;manual-endless&quot;,&quot;autoplay_stopper&quot;:false,&quot;noNavigation&quot;:true,&quot;bg_slider&quot;:false,&quot;keep_padding&quot;:false,&quot;hoverpause&quot;:false,&quot;show_slide_delay&quot;:0}\"  itemprop=\"image\" itemscope=\"itemscope\" itemtype=\"https:\/\/schema.org\/ImageObject\" ><ul class='avia-slideshow-inner ' style='padding-bottom: 28.16091954023%;'><li  class='avia-slideshow-slide av-m0593f0c-d11e737cdbb3969f664c01b3093cd75f__0  av-single-slide slide-1 slide-odd'><div data-rel='slideshow-1' class='avia-slide-wrap '   ><img decoding=\"async\" fetchpriority=\"high\" class=\"wp-image-507 avia-img-lazy-loading-not-507\"  src=\"https:\/\/smzwood.be\/wp-content\/uploads\/2024\/08\/Scherm\u00adafbeelding-2024-08-22-om-13.58.05.png\" width=\"2088\" height=\"588\" title='Scherm\u00adafbeelding 2024-08-22 om 13.58.05' alt=''  itemprop=\"thumbnailUrl\" srcset=\"https:\/\/smzwood.be\/wp-content\/uploads\/2024\/08\/Scherm\u00adafbeelding-2024-08-22-om-13.58.05.png 2088w, https:\/\/smzwood.be\/wp-content\/uploads\/2024\/08\/Scherm\u00adafbeelding-2024-08-22-om-13.58.05-300x84.png 300w, https:\/\/smzwood.be\/wp-content\/uploads\/2024\/08\/Scherm\u00adafbeelding-2024-08-22-om-13.58.05-1030x290.png 1030w, https:\/\/smzwood.be\/wp-content\/uploads\/2024\/08\/Scherm\u00adafbeelding-2024-08-22-om-13.58.05-768x216.png 768w, https:\/\/smzwood.be\/wp-content\/uploads\/2024\/08\/Scherm\u00adafbeelding-2024-08-22-om-13.58.05-1536x433.png 1536w, https:\/\/smzwood.be\/wp-content\/uploads\/2024\/08\/Scherm\u00adafbeelding-2024-08-22-om-13.58.05-2048x577.png 2048w, https:\/\/smzwood.be\/wp-content\/uploads\/2024\/08\/Scherm\u00adafbeelding-2024-08-22-om-13.58.05-1500x422.png 1500w, https:\/\/smzwood.be\/wp-content\/uploads\/2024\/08\/Scherm\u00adafbeelding-2024-08-22-om-13.58.05-705x199.png 705w\" sizes=\"(max-width: 2088px) 100vw, 2088px\" \/><\/div><\/li><\/ul><\/div><\/div><\/p>\n","protected":false},"excerpt":{"rendered":"","protected":false},"author":2,"featured_media":0,"parent":0,"menu_order":0,"comment_status":"closed","ping_status":"closed","template":"","meta":{"footnotes":""},"class_list":["post-589","page","type-page","status-publish","hentry"],"_links":{"self":[{"href":"https:\/\/smzwood.be\/fr\/wp-json\/wp\/v2\/pages\/589"}],"collection":[{"href":"https:\/\/smzwood.be\/fr\/wp-json\/wp\/v2\/pages"}],"about":[{"href":"https:\/\/smzwood.be\/fr\/wp-json\/wp\/v2\/types\/page"}],"author":[{"embeddable":true,"href":"https:\/\/smzwood.be\/fr\/wp-json\/wp\/v2\/users\/2"}],"replies":[{"embeddable":true,"href":"https:\/\/smzwood.be\/fr\/wp-json\/wp\/v2\/comments?post=589"}],"version-history":[{"count":7,"href":"https:\/\/smzwood.be\/fr\/wp-json\/wp\/v2\/pages\/589\/revisions"}],"predecessor-version":[{"id":1395,"href":"https:\/\/smzwood.be\/fr\/wp-json\/wp\/v2\/pages\/589\/revisions\/1395"}],"wp:attachment":[{"href":"https:\/\/smzwood.be\/fr\/wp-json\/wp\/v2\/media?parent=589"}],"curies":[{"name":"wp","href":"https:\/\/api.w.org\/{rel}","templated":true}]}}