{"id":583,"date":"2024-08-22T14:59:47","date_gmt":"2024-08-22T12:59:47","guid":{"rendered":"https:\/\/smzwood.be\/about\/"},"modified":"2024-10-25T12:02:14","modified_gmt":"2024-10-25T10:02:14","slug":"about","status":"publish","type":"page","link":"https:\/\/smzwood.be\/fr\/about\/","title":{"rendered":"A propos"},"content":{"rendered":"\n<\/div><\/div><\/div><!-- close content main div --><\/div><\/div>\n<style type=\"text\/css\" data-created_by=\"avia_inline_auto\" id=\"style-css-av-m05ah7pu-7d4c6aec46f93e984d9ed3aa3860311d\">\n.avia-section.av-m05ah7pu-7d4c6aec46f93e984d9ed3aa3860311d{\nbackground-color:#b10600;\nbackground-image:unset;\n}\n<\/style>\n<div id='av_section_1'  class='avia-section av-m05ah7pu-7d4c6aec46f93e984d9ed3aa3860311d main_color avia-section-default avia-no-border-styling  avia-builder-el-1  el_after_av_codeblock  el_before_av_section  avia-bg-style-scroll container_wrap fullsize'  ><div class='container av-section-cont-open' ><div class='template-page content  av-content-full alpha units'><div class='post-entry post-entry-type-page post-entry-583'><div class='entry-content-wrapper clearfix'>\n\n<style type=\"text\/css\" data-created_by=\"avia_inline_auto\" id=\"style-css-av-m05agtpt-e94b7d017e432a3144a2e78e13d0e576\">\n#top .av_textblock_section.av-m05agtpt-e94b7d017e432a3144a2e78e13d0e576 .avia_textblock{\ncolor:#ffffff;\n}\n<\/style>\n<section  class='av_textblock_section av-m05agtpt-e94b7d017e432a3144a2e78e13d0e576 '   itemscope=\"itemscope\" itemtype=\"https:\/\/schema.org\/CreativeWork\" ><div class='avia_textblock av_inherit_color'  itemprop=\"text\" ><h1>A propos<\/h1>\n<\/div><\/section>\n\n<\/div><\/div><\/div><!-- close content main div --><\/div><\/div>\n<style type=\"text\/css\" data-created_by=\"avia_inline_auto\" id=\"style-css-av-m05ak6tq-9a5187d8e1d920404065c3f67e98099c\">\n.avia-section.av-m05ak6tq-9a5187d8e1d920404065c3f67e98099c{\nbackground-color:#f5e8e7;\nbackground-image:url(https:\/\/smzwood.be\/wp-content\/uploads\/2024\/08\/bg01.png);\nbackground-repeat:no-repeat;\nbackground-position:50% 0%;\nbackground-attachment:scroll;\n}\n<\/style>\n<div id='av_section_2'  class='avia-section av-m05ak6tq-9a5187d8e1d920404065c3f67e98099c main_color avia-section-default avia-no-border-styling  avia-builder-el-3  el_after_av_section  el_before_av_one_half  avia-bg-style-scroll container_wrap fullsize'  data-section-bg-repeat='no-repeat'><div class='container av-section-cont-open' ><div class='template-page content  av-content-full alpha units'><div class='post-entry post-entry-type-page post-entry-583'><div class='entry-content-wrapper clearfix'>\n\n<style type=\"text\/css\" data-created_by=\"avia_inline_auto\" id=\"style-css-av-zbf1j-50a62b9d166e1ac4ac73e5d67e8aedbd\">\n.flex_column.av-zbf1j-50a62b9d166e1ac4ac73e5d67e8aedbd{\npadding:50px 0 0 0;\n}\n<\/style>\n<div  class='flex_column av-zbf1j-50a62b9d166e1ac4ac73e5d67e8aedbd av_one_half  avia-builder-el-4  el_before_av_one_half  avia-builder-el-first  first flex_column_div  '     ><section  class='av_textblock_section av-m05ajmhm-9ed73e013260886512e6b0a592eab646 '   itemscope=\"itemscope\" itemtype=\"https:\/\/schema.org\/CreativeWork\" ><div class='avia_textblock'  itemprop=\"text\" ><h3><strong>Smeets &amp; Zonen : Au-del\u00e0 des camions<\/strong><\/h3>\n<p>Smeets &amp; Zonen se distingue dans le domaine de l&rsquo;achat et de la vente de camions, en offrant une expertise et une fiabilit\u00e9 reconnues. Notre engagement en mati\u00e8re de qualit\u00e9 et de service va au-del\u00e0 des v\u00e9hicules et s&rsquo;\u00e9tend \u00e0 l&rsquo;importation de bois exotique.<\/p>\n<p>Notre mission est d&rsquo;\u00e9largir notre gamme de services tout en maintenant les normes \u00e9lev\u00e9es que nos clients attendent de nous. Nous s\u00e9lectionnons soigneusement nos bois exotiques, garantissant ainsi une qualit\u00e9 exceptionnelle pour une vari\u00e9t\u00e9 de besoins, de la construction \u00e0 la d\u00e9coration.<\/p>\n<p>Chez Smeets &amp; Zonen, nous sommes fiers de cette \u00e9volution, qui refl\u00e8te notre capacit\u00e9 \u00e0 nous adapter et \u00e0 innover, tout en restant fid\u00e8les \u00e0 notre activit\u00e9 principale, le camionnage. Cette combinaison unique de services nous permet de r\u00e9pondre \u00e0 un plus grand nombre de besoins de nos clients.<\/p>\n<\/div><\/section><\/div><div  class='flex_column av-prr4n-37de82fe84b4586c4f89f9385847375d av_one_half  avia-builder-el-6  el_after_av_one_half  el_before_av_one_half  flex_column_div  '     ><style type=\"text\/css\" data-created_by=\"avia_inline_auto\" id=\"style-css-av-m05andy5-af40b58e3bdf6019961af657fc9157a1\">\n.avia-image-container.av-m05andy5-af40b58e3bdf6019961af657fc9157a1 img.avia_image{\nbox-shadow:none;\n}\n.avia-image-container.av-m05andy5-af40b58e3bdf6019961af657fc9157a1 .av-image-caption-overlay-center{\ncolor:#ffffff;\n}\n<\/style>\n<div  class='avia-image-container av-m05andy5-af40b58e3bdf6019961af657fc9157a1 av-styling- avia-align-center  avia-builder-el-7  avia-builder-el-no-sibling '   itemprop=\"image\" itemscope=\"itemscope\" itemtype=\"https:\/\/schema.org\/ImageObject\" ><div class=\"avia-image-container-inner\"><div class=\"avia-image-overlay-wrap\"><img decoding=\"async\" fetchpriority=\"high\" class='wp-image-516 avia-img-lazy-loading-not-516 avia_image ' src=\"https:\/\/smzwood.be\/wp-content\/uploads\/2024\/08\/WhatsApp-Image-2024-07-11-at-12.13.47-1-845x684.jpeg\" alt='' title='WhatsApp Image 2024-07-11 at 12.13.47 (1)'  height=\"684\" width=\"845\"  itemprop=\"thumbnailUrl\" srcset=\"https:\/\/smzwood.be\/wp-content\/uploads\/2024\/08\/WhatsApp-Image-2024-07-11-at-12.13.47-1-845x684.jpeg 845w, https:\/\/smzwood.be\/wp-content\/uploads\/2024\/08\/WhatsApp-Image-2024-07-11-at-12.13.47-1-495x400.jpeg 495w\" sizes=\"(max-width: 845px) 100vw, 845px\" \/><\/div><\/div><\/div><\/div>\n<style type=\"text\/css\" data-created_by=\"avia_inline_auto\" id=\"style-css-av-fjrfz-95a465cee6916ef7032e5016f07a823f\">\n.flex_column.av-fjrfz-95a465cee6916ef7032e5016f07a823f{\npadding:50px 0 0 0;\n}\n<\/style>\n<div  class='flex_column av-fjrfz-95a465cee6916ef7032e5016f07a823f av_one_half  avia-builder-el-8  el_after_av_one_half  el_before_av_one_half  first flex_column_div  column-top-margin'     ><style type=\"text\/css\" data-created_by=\"avia_inline_auto\" id=\"style-css-av-nl8qn-2ec0ec62e988081ff97d1043da8bfb4c\">\n.avia-image-container.av-nl8qn-2ec0ec62e988081ff97d1043da8bfb4c img.avia_image{\nbox-shadow:none;\n}\n.avia-image-container.av-nl8qn-2ec0ec62e988081ff97d1043da8bfb4c .av-image-caption-overlay-center{\ncolor:#ffffff;\n}\n<\/style>\n<div  class='avia-image-container av-nl8qn-2ec0ec62e988081ff97d1043da8bfb4c av-styling- avia-align-center  avia-builder-el-9  avia-builder-el-no-sibling '   itemprop=\"image\" itemscope=\"itemscope\" itemtype=\"https:\/\/schema.org\/ImageObject\" ><div class=\"avia-image-container-inner\"><div class=\"avia-image-overlay-wrap\"><img decoding=\"async\" fetchpriority=\"high\" class='wp-image-555 avia-img-lazy-loading-not-555 avia_image ' src=\"https:\/\/smzwood.be\/wp-content\/uploads\/2024\/08\/94e46606-ba92-4a55-9ab1-5a3822e83d43-845x684.png\" alt='' title='94e46606-ba92-4a55-9ab1-5a3822e83d43'  height=\"684\" width=\"845\"  itemprop=\"thumbnailUrl\" srcset=\"https:\/\/smzwood.be\/wp-content\/uploads\/2024\/08\/94e46606-ba92-4a55-9ab1-5a3822e83d43-845x684.png 845w, https:\/\/smzwood.be\/wp-content\/uploads\/2024\/08\/94e46606-ba92-4a55-9ab1-5a3822e83d43-495x400.png 495w\" sizes=\"(max-width: 845px) 100vw, 845px\" \/><\/div><\/div><\/div><\/div>\n<style type=\"text\/css\" data-created_by=\"avia_inline_auto\" id=\"style-css-av-8eo1j-fb0ca5de36c18af42a7984f50ea9b297\">\n.flex_column.av-8eo1j-fb0ca5de36c18af42a7984f50ea9b297{\npadding:50px 0 0 0;\n}\n<\/style>\n<div  class='flex_column av-8eo1j-fb0ca5de36c18af42a7984f50ea9b297 av_one_half  avia-builder-el-10  el_after_av_one_half  avia-builder-el-last  flex_column_div  column-top-margin'     ><section  class='av_textblock_section av-m2ojz3x0-e7d4aafcfa4443ffab769d68096f9b9c '   itemscope=\"itemscope\" itemtype=\"https:\/\/schema.org\/CreativeWork\" ><div class='avia_textblock'  itemprop=\"text\" ><h3><strong>Une passion pour les for\u00eats africaines<\/strong><\/h3>\n<p>La division bois est organis\u00e9e par Patrick LOUVIGNY, passionn\u00e9 depuis toujours par le bois. Son aventure a commenc\u00e9 il y a plus de 30 ans sur le sol africain, \u00e0 la rencontre des populations locales. Les for\u00eats africaines n&rsquo;ont plus de secret pour lui. Gr\u00e2ce \u00e0 ces d\u00e9cennies pass\u00e9es sur le terrain, il a pu appr\u00e9cier \u00e0 sa juste valeur les richesses insoup\u00e7onn\u00e9es que l&rsquo;Afrique rec\u00e8le depuis si longtemps.<br \/>\nSon r\u00f4le est d&rsquo;essayer de r\u00e9tablir un \u00e9quilibre entre des for\u00eats qui ont \u00e9t\u00e9 si mal exploit\u00e9es, voire d\u00e9truites, un vrai g\u00e2chis.<br \/>\nIl est tr\u00e8s rare de croiser un Europ\u00e9en sur le terrain. Nous restons \u00e0 votre disposition pour toute demande particuli\u00e8re.<br \/>\nLa satisfaction du client est notre priorit\u00e9.<\/p>\n<\/div><\/section><\/div><\/div><\/div><\/div><!-- close content main div --><\/div><\/div><div id='after_section_2'  class='main_color av_default_container_wrap container_wrap fullsize'  ><div class='container av-section-cont-open' ><div class='template-page content  av-content-full alpha units'><div class='post-entry post-entry-type-page post-entry-583'><div class='entry-content-wrapper clearfix'>\n<style type=\"text\/css\" data-created_by=\"avia_inline_auto\" id=\"style-css-av-bkpr3-af886be1f79b82ce0c650f0ab295fe1d\">\n.flex_column.av-bkpr3-af886be1f79b82ce0c650f0ab295fe1d{\npadding:50px 0 0 0;\n}\n<\/style>\n<div  class='flex_column av-bkpr3-af886be1f79b82ce0c650f0ab295fe1d av_one_half  avia-builder-el-12  el_after_av_section  el_before_av_one_half  avia-builder-el-first  first flex_column_div  '     ><style type=\"text\/css\" data-created_by=\"avia_inline_auto\" id=\"style-css-av-m05b1kly-604252b4cde1ad71cab02ee50c50ce73\">\n.avia-image-container.av-m05b1kly-604252b4cde1ad71cab02ee50c50ce73 img.avia_image{\nbox-shadow:none;\n}\n.avia-image-container.av-m05b1kly-604252b4cde1ad71cab02ee50c50ce73 .av-image-caption-overlay-center{\ncolor:#ffffff;\n}\n<\/style>\n<div  class='avia-image-container av-m05b1kly-604252b4cde1ad71cab02ee50c50ce73 av-styling- avia-align-center  avia-builder-el-13  avia-builder-el-no-sibling '   itemprop=\"image\" itemscope=\"itemscope\" itemtype=\"https:\/\/schema.org\/ImageObject\" ><div class=\"avia-image-container-inner\"><div class=\"avia-image-overlay-wrap\"><img decoding=\"async\" fetchpriority=\"high\" class='wp-image-522 avia-img-lazy-loading-not-522 avia_image ' src=\"https:\/\/smzwood.be\/wp-content\/uploads\/2024\/08\/WhatsApp-Image-2024-07-11-at-12.13.48-845x684.jpeg\" alt='' title='WhatsApp Image 2024-07-11 at 12.13.48'  height=\"684\" width=\"845\"  itemprop=\"thumbnailUrl\" srcset=\"https:\/\/smzwood.be\/wp-content\/uploads\/2024\/08\/WhatsApp-Image-2024-07-11-at-12.13.48-845x684.jpeg 845w, https:\/\/smzwood.be\/wp-content\/uploads\/2024\/08\/WhatsApp-Image-2024-07-11-at-12.13.48-495x400.jpeg 495w\" sizes=\"(max-width: 845px) 100vw, 845px\" \/><\/div><\/div><\/div><\/div><\/p>\n\n<style type=\"text\/css\" data-created_by=\"avia_inline_auto\" id=\"style-css-av-7tigv-ff6ca5053d2daf062c8163671cfdcedc\">\n.flex_column.av-7tigv-ff6ca5053d2daf062c8163671cfdcedc{\npadding:50px 0 0 0;\n}\n<\/style>\n<div  class='flex_column av-7tigv-ff6ca5053d2daf062c8163671cfdcedc av_one_half  avia-builder-el-14  el_after_av_one_half  el_before_av_one_half  flex_column_div  '     ><style type=\"text\/css\" data-created_by=\"avia_inline_auto\" id=\"style-css-av-m05aotd6-244e27c31874151b3d6d949cbeee8bc1\">\n.avia-image-container.av-m05aotd6-244e27c31874151b3d6d949cbeee8bc1 img.avia_image{\nbox-shadow:none;\n}\n.avia-image-container.av-m05aotd6-244e27c31874151b3d6d949cbeee8bc1 .av-image-caption-overlay-center{\ncolor:#ffffff;\n}\n<\/style>\n<div  class='avia-image-container av-m05aotd6-244e27c31874151b3d6d949cbeee8bc1 av-styling- avia-align-center  avia-builder-el-15  avia-builder-el-no-sibling '   itemprop=\"image\" itemscope=\"itemscope\" itemtype=\"https:\/\/schema.org\/ImageObject\" ><div class=\"avia-image-container-inner\"><div class=\"avia-image-overlay-wrap\"><img decoding=\"async\" fetchpriority=\"high\" class='wp-image-528 avia-img-lazy-loading-not-528 avia_image ' src=\"https:\/\/smzwood.be\/wp-content\/uploads\/2024\/08\/WhatsApp-Image-2024-07-11-at-12.13.47-4-845x684.jpeg\" alt='' title='WhatsApp Image 2024-07-11 at 12.13.47 (4)'  height=\"684\" width=\"845\"  itemprop=\"thumbnailUrl\" srcset=\"https:\/\/smzwood.be\/wp-content\/uploads\/2024\/08\/WhatsApp-Image-2024-07-11-at-12.13.47-4-845x684.jpeg 845w, https:\/\/smzwood.be\/wp-content\/uploads\/2024\/08\/WhatsApp-Image-2024-07-11-at-12.13.47-4-495x400.jpeg 495w\" sizes=\"(max-width: 845px) 100vw, 845px\" \/><\/div><\/div><\/div><\/div>\n<div  class='flex_column av-p285b-0b139a0160b0b5f866161f3fb820e09c av_one_half  avia-builder-el-16  el_after_av_one_half  el_before_av_one_half  first flex_column_div  column-top-margin'     ><style type=\"text\/css\" data-created_by=\"avia_inline_auto\" id=\"style-css-av-fxxh3-c9767b4bcb7c9680380bd2ffa76becf4\">\n.avia-image-container.av-fxxh3-c9767b4bcb7c9680380bd2ffa76becf4 img.avia_image{\nbox-shadow:none;\n}\n.avia-image-container.av-fxxh3-c9767b4bcb7c9680380bd2ffa76becf4 .av-image-caption-overlay-center{\ncolor:#ffffff;\n}\n<\/style>\n<div  class='avia-image-container av-fxxh3-c9767b4bcb7c9680380bd2ffa76becf4 av-styling- avia-align-center  avia-builder-el-17  avia-builder-el-no-sibling '   itemprop=\"image\" itemscope=\"itemscope\" itemtype=\"https:\/\/schema.org\/ImageObject\" ><div class=\"avia-image-container-inner\"><div class=\"avia-image-overlay-wrap\"><img decoding=\"async\" fetchpriority=\"high\" class='wp-image-519 avia-img-lazy-loading-not-519 avia_image ' src=\"https:\/\/smzwood.be\/wp-content\/uploads\/2024\/08\/WhatsApp-Image-2024-07-11-at-12.13.47-7-845x684.jpeg\" alt='' title='WhatsApp Image 2024-07-11 at 12.13.47 (7)'  height=\"684\" width=\"845\"  itemprop=\"thumbnailUrl\" srcset=\"https:\/\/smzwood.be\/wp-content\/uploads\/2024\/08\/WhatsApp-Image-2024-07-11-at-12.13.47-7-845x684.jpeg 845w, https:\/\/smzwood.be\/wp-content\/uploads\/2024\/08\/WhatsApp-Image-2024-07-11-at-12.13.47-7-495x400.jpeg 495w\" sizes=\"(max-width: 845px) 100vw, 845px\" \/><\/div><\/div><\/div><\/div>\n<div  class='flex_column av-hgv3j-f91b849ea65145ea9c3f8445838abaf9 av_one_half  avia-builder-el-18  el_after_av_one_half  el_before_av_slideshow_full  avia-builder-el-last  flex_column_div  column-top-margin'     ><style type=\"text\/css\" data-created_by=\"avia_inline_auto\" id=\"style-css-av-8arlz-bc8e13a44c7ce7d59dc63cf6817fd549\">\n.avia-image-container.av-8arlz-bc8e13a44c7ce7d59dc63cf6817fd549 img.avia_image{\nbox-shadow:none;\n}\n.avia-image-container.av-8arlz-bc8e13a44c7ce7d59dc63cf6817fd549 .av-image-caption-overlay-center{\ncolor:#ffffff;\n}\n<\/style>\n<div  class='avia-image-container av-8arlz-bc8e13a44c7ce7d59dc63cf6817fd549 av-styling- avia-align-center  avia-builder-el-19  avia-builder-el-no-sibling '   itemprop=\"image\" itemscope=\"itemscope\" itemtype=\"https:\/\/schema.org\/ImageObject\" ><div class=\"avia-image-container-inner\"><div class=\"avia-image-overlay-wrap\"><img decoding=\"async\" fetchpriority=\"high\" class='wp-image-540 avia-img-lazy-loading-not-540 avia_image ' src=\"https:\/\/smzwood.be\/wp-content\/uploads\/2024\/08\/Scherm\u00adafbeelding-2024-08-22-om-15.19.14-845x684.png\" alt='' title='Scherm\u00adafbeelding 2024-08-22 om 15.19.14'  height=\"684\" width=\"845\"  itemprop=\"thumbnailUrl\" srcset=\"https:\/\/smzwood.be\/wp-content\/uploads\/2024\/08\/Scherm\u00adafbeelding-2024-08-22-om-15.19.14-845x684.png 845w, https:\/\/smzwood.be\/wp-content\/uploads\/2024\/08\/Scherm\u00adafbeelding-2024-08-22-om-15.19.14-495x400.png 495w\" sizes=\"(max-width: 845px) 100vw, 845px\" \/><\/div><\/div><\/div><\/div>\n<\/div><\/div><\/div><!-- close content main div --><\/div><\/div><div id='full_slider_1'  class='avia-fullwidth-slider main_color avia-shadow   avia-builder-el-20  el_after_av_one_half  avia-builder-el-last   slider-not-first container_wrap fullsize'  ><div  class='avia-slideshow av-m05bvf83-c166def338ad5acfd2e0f21f8985b265 avia-slideshow-featured av_slideshow_full avia-slide-slider av-slideshow-ui av-control-default av-slideshow-manual av-loop-once av-loop-manual-endless av-default-height-applied   avia-slideshow-1' data-slideshow-options=\"{&quot;animation&quot;:&quot;slide&quot;,&quot;autoplay&quot;:false,&quot;loop_autoplay&quot;:&quot;once&quot;,&quot;interval&quot;:5,&quot;loop_manual&quot;:&quot;manual-endless&quot;,&quot;autoplay_stopper&quot;:false,&quot;noNavigation&quot;:false,&quot;bg_slider&quot;:false,&quot;keep_padding&quot;:false,&quot;hoverpause&quot;:false,&quot;show_slide_delay&quot;:0}\"  itemprop=\"image\" itemscope=\"itemscope\" itemtype=\"https:\/\/schema.org\/ImageObject\" ><ul class='avia-slideshow-inner ' style='padding-bottom: 28.666666666667%;'><li  class='avia-slideshow-slide av-m05bvf83-c166def338ad5acfd2e0f21f8985b265__0  av-single-slide slide-1 slide-odd'><div data-rel='slideshow-1' class='avia-slide-wrap '   ><img decoding=\"async\" fetchpriority=\"high\" class=\"wp-image-507 avia-img-lazy-loading-not-507\"  src=\"https:\/\/smzwood.be\/wp-content\/uploads\/2024\/08\/Scherm\u00adafbeelding-2024-08-22-om-13.58.05-1500x430.png\" width=\"1500\" height=\"430\" title='Scherm\u00adafbeelding 2024-08-22 om 13.58.05' alt=''  itemprop=\"thumbnailUrl\"   \/><\/div><\/li><\/ul><\/div><\/div>\n","protected":false},"excerpt":{"rendered":"","protected":false},"author":2,"featured_media":0,"parent":0,"menu_order":0,"comment_status":"closed","ping_status":"closed","template":"","meta":{"footnotes":""},"class_list":["post-583","page","type-page","status-publish","hentry"],"_links":{"self":[{"href":"https:\/\/smzwood.be\/fr\/wp-json\/wp\/v2\/pages\/583"}],"collection":[{"href":"https:\/\/smzwood.be\/fr\/wp-json\/wp\/v2\/pages"}],"about":[{"href":"https:\/\/smzwood.be\/fr\/wp-json\/wp\/v2\/types\/page"}],"author":[{"embeddable":true,"href":"https:\/\/smzwood.be\/fr\/wp-json\/wp\/v2\/users\/2"}],"replies":[{"embeddable":true,"href":"https:\/\/smzwood.be\/fr\/wp-json\/wp\/v2\/comments?post=583"}],"version-history":[{"count":11,"href":"https:\/\/smzwood.be\/fr\/wp-json\/wp\/v2\/pages\/583\/revisions"}],"predecessor-version":[{"id":1428,"href":"https:\/\/smzwood.be\/fr\/wp-json\/wp\/v2\/pages\/583\/revisions\/1428"}],"wp:attachment":[{"href":"https:\/\/smzwood.be\/fr\/wp-json\/wp\/v2\/media?parent=583"}],"curies":[{"name":"wp","href":"https:\/\/api.w.org\/{rel}","templated":true}]}}