{"id":1115,"date":"2024-08-22T14:59:47","date_gmt":"2024-08-22T12:59:47","guid":{"rendered":"https:\/\/smzwood.be\/about\/"},"modified":"2024-10-25T12:03:54","modified_gmt":"2024-10-25T10:03:54","slug":"about","status":"publish","type":"page","link":"https:\/\/smzwood.be\/de\/about\/","title":{"rendered":"\u00dcber uns"},"content":{"rendered":"\n<\/div><\/div><\/div><!-- close content main div --><\/div><\/div>\n<style type=\"text\/css\" data-created_by=\"avia_inline_auto\" id=\"style-css-av-m05ah7pu-7d4c6aec46f93e984d9ed3aa3860311d\">\n.avia-section.av-m05ah7pu-7d4c6aec46f93e984d9ed3aa3860311d{\nbackground-color:#b10600;\nbackground-image:unset;\n}\n<\/style>\n<div id='av_section_1'  class='avia-section av-m05ah7pu-7d4c6aec46f93e984d9ed3aa3860311d main_color avia-section-default avia-no-border-styling  avia-builder-el-1  el_after_av_codeblock  el_before_av_section  avia-bg-style-scroll container_wrap fullsize'  ><div class='container av-section-cont-open' ><div class='template-page content  av-content-full alpha units'><div class='post-entry post-entry-type-page post-entry-1115'><div class='entry-content-wrapper clearfix'>\n\n<style type=\"text\/css\" data-created_by=\"avia_inline_auto\" id=\"style-css-av-m05agtpt-e94b7d017e432a3144a2e78e13d0e576\">\n#top .av_textblock_section.av-m05agtpt-e94b7d017e432a3144a2e78e13d0e576 .avia_textblock{\ncolor:#ffffff;\n}\n<\/style>\n<section  class='av_textblock_section av-m05agtpt-e94b7d017e432a3144a2e78e13d0e576 '   itemscope=\"itemscope\" itemtype=\"https:\/\/schema.org\/CreativeWork\" ><div class='avia_textblock av_inherit_color'  itemprop=\"text\" ><h1>\u00dcber uns<\/h1>\n<\/div><\/section>\n\n<\/div><\/div><\/div><!-- close content main div --><\/div><\/div>\n<style type=\"text\/css\" data-created_by=\"avia_inline_auto\" id=\"style-css-av-m05ak6tq-9a5187d8e1d920404065c3f67e98099c\">\n.avia-section.av-m05ak6tq-9a5187d8e1d920404065c3f67e98099c{\nbackground-color:#f5e8e7;\nbackground-image:url(https:\/\/smzwood.be\/wp-content\/uploads\/2024\/08\/bg01.png);\nbackground-repeat:no-repeat;\nbackground-position:50% 0%;\nbackground-attachment:scroll;\n}\n<\/style>\n<div id='av_section_2'  class='avia-section av-m05ak6tq-9a5187d8e1d920404065c3f67e98099c main_color avia-section-default avia-no-border-styling  avia-builder-el-3  el_after_av_section  el_before_av_one_half  avia-bg-style-scroll container_wrap fullsize'  data-section-bg-repeat='no-repeat'><div class='container av-section-cont-open' ><div class='template-page content  av-content-full alpha units'><div class='post-entry post-entry-type-page post-entry-1115'><div class='entry-content-wrapper clearfix'>\n\n<style type=\"text\/css\" data-created_by=\"avia_inline_auto\" id=\"style-css-av-zbf1j-50a62b9d166e1ac4ac73e5d67e8aedbd\">\n.flex_column.av-zbf1j-50a62b9d166e1ac4ac73e5d67e8aedbd{\npadding:50px 0 0 0;\n}\n<\/style>\n<div  class='flex_column av-zbf1j-50a62b9d166e1ac4ac73e5d67e8aedbd av_one_half  avia-builder-el-4  el_before_av_one_half  avia-builder-el-first  first flex_column_div  '     ><section  class='av_textblock_section av-m05ajmhm-9ed73e013260886512e6b0a592eab646 '   itemscope=\"itemscope\" itemtype=\"https:\/\/schema.org\/CreativeWork\" ><div class='avia_textblock'  itemprop=\"text\" ><h3><strong>Smeets &amp; Zonen: Jenseits von Lastwagen<\/strong><\/h3>\n<p>Smeets &amp; Zonen zeichnet sich auf dem Gebiet des An- und Verkaufs von Lastkraftwagen durch anerkannte Kompetenz und Zuverl\u00e4ssigkeit aus. Unser Engagement f\u00fcr Qualit\u00e4t und Service erstreckt sich nicht nur auf Fahrzeuge, sondern auch auf den Import von exotischen H\u00f6lzern.<\/p>\n<p>Unser Ziel ist es, eine Vielzahl von Dienstleistungen anzubieten und dabei die hohen Standards zu wahren, die unsere Kunden von uns erwarten. Wir w\u00e4hlen unser exotisches Holz sorgf\u00e4ltig aus, um eine au\u00dfergew\u00f6hnliche Qualit\u00e4t f\u00fcr eine Vielzahl von Anforderungen zu gew\u00e4hrleisten, vom Bau bis zur Dekoration.<\/p>\n<p>Wir bei Smeets &amp; Zonen sind stolz auf diese Entwicklung, die unsere Anpassungs- und Innovationsf\u00e4higkeit widerspiegelt, w\u00e4hrend wir unserem Kerngesch\u00e4ft, den Lastwagen, treu bleiben. Diese einzigartige Kombination von Dienstleistungen erm\u00f6glicht es uns, ein breiteres Spektrum an Bed\u00fcrfnissen unserer Kunden zu erf\u00fcllen.<\/p>\n<\/div><\/section><\/div><div  class='flex_column av-prr4n-37de82fe84b4586c4f89f9385847375d av_one_half  avia-builder-el-6  el_after_av_one_half  el_before_av_one_half  flex_column_div  '     ><style type=\"text\/css\" data-created_by=\"avia_inline_auto\" id=\"style-css-av-m05andy5-ddfb0dc683748d829290b8c7d7b6a4f2\">\n.avia-image-container.av-m05andy5-ddfb0dc683748d829290b8c7d7b6a4f2 img.avia_image{\nbox-shadow:none;\n}\n.avia-image-container.av-m05andy5-ddfb0dc683748d829290b8c7d7b6a4f2 .av-image-caption-overlay-center{\ncolor:#ffffff;\n}\n<\/style>\n<div  class='avia-image-container av-m05andy5-ddfb0dc683748d829290b8c7d7b6a4f2 av-styling- avia-align-center  avia-builder-el-7  avia-builder-el-no-sibling '   itemprop=\"image\" itemscope=\"itemscope\" itemtype=\"https:\/\/schema.org\/ImageObject\" ><div class=\"avia-image-container-inner\"><div class=\"avia-image-overlay-wrap\"><img decoding=\"async\" fetchpriority=\"high\" class='wp-image-517 avia-img-lazy-loading-not-517 avia_image ' src=\"https:\/\/smzwood.be\/wp-content\/uploads\/2024\/08\/WhatsApp-Image-2024-07-11-at-12.13.47-1-845x684.jpeg\" alt='' title='WhatsApp Image 2024-07-11 at 12.13.47 (1)'  height=\"684\" width=\"845\"  itemprop=\"thumbnailUrl\" srcset=\"https:\/\/smzwood.be\/wp-content\/uploads\/2024\/08\/WhatsApp-Image-2024-07-11-at-12.13.47-1-845x684.jpeg 845w, https:\/\/smzwood.be\/wp-content\/uploads\/2024\/08\/WhatsApp-Image-2024-07-11-at-12.13.47-1-495x400.jpeg 495w\" sizes=\"(max-width: 845px) 100vw, 845px\" \/><\/div><\/div><\/div><\/div>\n<style type=\"text\/css\" data-created_by=\"avia_inline_auto\" id=\"style-css-av-fjrfz-95a465cee6916ef7032e5016f07a823f\">\n.flex_column.av-fjrfz-95a465cee6916ef7032e5016f07a823f{\npadding:50px 0 0 0;\n}\n<\/style>\n<div  class='flex_column av-fjrfz-95a465cee6916ef7032e5016f07a823f av_one_half  avia-builder-el-8  el_after_av_one_half  el_before_av_one_half  first flex_column_div  column-top-margin'     ><style type=\"text\/css\" data-created_by=\"avia_inline_auto\" id=\"style-css-av-nl8qn-a4d4a9029c7b7c9e8cf6c4c66ec88b91\">\n.avia-image-container.av-nl8qn-a4d4a9029c7b7c9e8cf6c4c66ec88b91 img.avia_image{\nbox-shadow:none;\n}\n.avia-image-container.av-nl8qn-a4d4a9029c7b7c9e8cf6c4c66ec88b91 .av-image-caption-overlay-center{\ncolor:#ffffff;\n}\n<\/style>\n<div  class='avia-image-container av-nl8qn-a4d4a9029c7b7c9e8cf6c4c66ec88b91 av-styling- avia-align-center  avia-builder-el-9  avia-builder-el-no-sibling '   itemprop=\"image\" itemscope=\"itemscope\" itemtype=\"https:\/\/schema.org\/ImageObject\" ><div class=\"avia-image-container-inner\"><div class=\"avia-image-overlay-wrap\"><img decoding=\"async\" fetchpriority=\"high\" class='wp-image-556 avia-img-lazy-loading-not-556 avia_image ' src=\"https:\/\/smzwood.be\/wp-content\/uploads\/2024\/08\/94e46606-ba92-4a55-9ab1-5a3822e83d43-845x684.png\" alt='' title='94e46606-ba92-4a55-9ab1-5a3822e83d43'  height=\"684\" width=\"845\"  itemprop=\"thumbnailUrl\" srcset=\"https:\/\/smzwood.be\/wp-content\/uploads\/2024\/08\/94e46606-ba92-4a55-9ab1-5a3822e83d43-845x684.png 845w, https:\/\/smzwood.be\/wp-content\/uploads\/2024\/08\/94e46606-ba92-4a55-9ab1-5a3822e83d43-495x400.png 495w\" sizes=\"(max-width: 845px) 100vw, 845px\" \/><\/div><\/div><\/div><\/div>\n<style type=\"text\/css\" data-created_by=\"avia_inline_auto\" id=\"style-css-av-8eo1j-fb0ca5de36c18af42a7984f50ea9b297\">\n.flex_column.av-8eo1j-fb0ca5de36c18af42a7984f50ea9b297{\npadding:50px 0 0 0;\n}\n<\/style>\n<div  class='flex_column av-8eo1j-fb0ca5de36c18af42a7984f50ea9b297 av_one_half  avia-builder-el-10  el_after_av_one_half  avia-builder-el-last  flex_column_div  column-top-margin'     ><section  class='av_textblock_section av-m2ojz3x0-e7d4aafcfa4443ffab769d68096f9b9c '   itemscope=\"itemscope\" itemtype=\"https:\/\/schema.org\/CreativeWork\" ><div class='avia_textblock'  itemprop=\"text\" ><h3><strong>Eine Leidenschaft f\u00fcr afrikanische W\u00e4lder<\/strong><\/h3>\n<p>Die Devision bois wird von Patrick LOUVIGNY organisiert, der sich schon immer f\u00fcr Holz begeistert hat. Sein Abenteuer begann vor \u00fcber 30 Jahren auf afrikanischem Boden, wo er die Menschen vor Ort kennenlernte. Die afrikanischen W\u00e4lder bergen keine Geheimnisse f\u00fcr ihn. Dank dieser Jahrzehnte, die er vor Ort verbracht hat, konnte er die ungeahnten Reicht\u00fcmer, die Afrika seit langem birgt, wirklich sch\u00e4tzen.<br \/>\nSeine Aufgabe ist es, zu versuchen, ein Gleichgewicht zwischen den W\u00e4ldern herzustellen, die so stark ausgebeutet, ja sogar zerst\u00f6rt wurden &#8211; ein echtes Chaos.<br \/>\nEs ist sehr selten, dass man einen Europ\u00e4er vor Ort trifft. F\u00fcr Sonderw\u00fcnsche stehen wir Ihnen gerne zur Verf\u00fcgung.<br \/>\nKundenzufriedenheit ist unsere Priorit\u00e4t.<\/p>\n<\/div><\/section><\/div><\/div><\/div><\/div><!-- close content main div --><\/div><\/div><div id='after_section_2'  class='main_color av_default_container_wrap container_wrap fullsize'  ><div class='container av-section-cont-open' ><div class='template-page content  av-content-full alpha units'><div class='post-entry post-entry-type-page post-entry-1115'><div class='entry-content-wrapper clearfix'>\n<style type=\"text\/css\" data-created_by=\"avia_inline_auto\" id=\"style-css-av-bkpr3-af886be1f79b82ce0c650f0ab295fe1d\">\n.flex_column.av-bkpr3-af886be1f79b82ce0c650f0ab295fe1d{\npadding:50px 0 0 0;\n}\n<\/style>\n<div  class='flex_column av-bkpr3-af886be1f79b82ce0c650f0ab295fe1d av_one_half  avia-builder-el-12  el_after_av_section  el_before_av_one_half  avia-builder-el-first  first flex_column_div  '     ><style type=\"text\/css\" data-created_by=\"avia_inline_auto\" id=\"style-css-av-m05b1kly-b37c18bb64342648ef6b6f1ec12a694f\">\n.avia-image-container.av-m05b1kly-b37c18bb64342648ef6b6f1ec12a694f img.avia_image{\nbox-shadow:none;\n}\n.avia-image-container.av-m05b1kly-b37c18bb64342648ef6b6f1ec12a694f .av-image-caption-overlay-center{\ncolor:#ffffff;\n}\n<\/style>\n<div  class='avia-image-container av-m05b1kly-b37c18bb64342648ef6b6f1ec12a694f av-styling- avia-align-center  avia-builder-el-13  avia-builder-el-no-sibling '   itemprop=\"image\" itemscope=\"itemscope\" itemtype=\"https:\/\/schema.org\/ImageObject\" ><div class=\"avia-image-container-inner\"><div class=\"avia-image-overlay-wrap\"><img decoding=\"async\" fetchpriority=\"high\" class='wp-image-523 avia-img-lazy-loading-not-523 avia_image ' src=\"https:\/\/smzwood.be\/wp-content\/uploads\/2024\/08\/WhatsApp-Image-2024-07-11-at-12.13.48-845x684.jpeg\" alt='' title='WhatsApp Image 2024-07-11 at 12.13.48'  height=\"684\" width=\"845\"  itemprop=\"thumbnailUrl\" srcset=\"https:\/\/smzwood.be\/wp-content\/uploads\/2024\/08\/WhatsApp-Image-2024-07-11-at-12.13.48-845x684.jpeg 845w, https:\/\/smzwood.be\/wp-content\/uploads\/2024\/08\/WhatsApp-Image-2024-07-11-at-12.13.48-495x400.jpeg 495w\" sizes=\"(max-width: 845px) 100vw, 845px\" \/><\/div><\/div><\/div><\/div><\/p>\n\n<style type=\"text\/css\" data-created_by=\"avia_inline_auto\" id=\"style-css-av-7tigv-ff6ca5053d2daf062c8163671cfdcedc\">\n.flex_column.av-7tigv-ff6ca5053d2daf062c8163671cfdcedc{\npadding:50px 0 0 0;\n}\n<\/style>\n<div  class='flex_column av-7tigv-ff6ca5053d2daf062c8163671cfdcedc av_one_half  avia-builder-el-14  el_after_av_one_half  el_before_av_one_half  flex_column_div  '     ><style type=\"text\/css\" data-created_by=\"avia_inline_auto\" id=\"style-css-av-m05aotd6-54c28051a91539a87cd155fcec2f9ee7\">\n.avia-image-container.av-m05aotd6-54c28051a91539a87cd155fcec2f9ee7 img.avia_image{\nbox-shadow:none;\n}\n.avia-image-container.av-m05aotd6-54c28051a91539a87cd155fcec2f9ee7 .av-image-caption-overlay-center{\ncolor:#ffffff;\n}\n<\/style>\n<div  class='avia-image-container av-m05aotd6-54c28051a91539a87cd155fcec2f9ee7 av-styling- avia-align-center  avia-builder-el-15  avia-builder-el-no-sibling '   itemprop=\"image\" itemscope=\"itemscope\" itemtype=\"https:\/\/schema.org\/ImageObject\" ><div class=\"avia-image-container-inner\"><div class=\"avia-image-overlay-wrap\"><img decoding=\"async\" fetchpriority=\"high\" class='wp-image-529 avia-img-lazy-loading-not-529 avia_image ' src=\"https:\/\/smzwood.be\/wp-content\/uploads\/2024\/08\/WhatsApp-Image-2024-07-11-at-12.13.47-4-845x684.jpeg\" alt='' title='WhatsApp Image 2024-07-11 at 12.13.47 (4)'  height=\"684\" width=\"845\"  itemprop=\"thumbnailUrl\" srcset=\"https:\/\/smzwood.be\/wp-content\/uploads\/2024\/08\/WhatsApp-Image-2024-07-11-at-12.13.47-4-845x684.jpeg 845w, https:\/\/smzwood.be\/wp-content\/uploads\/2024\/08\/WhatsApp-Image-2024-07-11-at-12.13.47-4-495x400.jpeg 495w\" sizes=\"(max-width: 845px) 100vw, 845px\" \/><\/div><\/div><\/div><\/div>\n<div  class='flex_column av-p285b-0b139a0160b0b5f866161f3fb820e09c av_one_half  avia-builder-el-16  el_after_av_one_half  el_before_av_one_half  first flex_column_div  column-top-margin'     ><style type=\"text\/css\" data-created_by=\"avia_inline_auto\" id=\"style-css-av-fxxh3-71dd412335d8fd272e0d35b5d492ed29\">\n.avia-image-container.av-fxxh3-71dd412335d8fd272e0d35b5d492ed29 img.avia_image{\nbox-shadow:none;\n}\n.avia-image-container.av-fxxh3-71dd412335d8fd272e0d35b5d492ed29 .av-image-caption-overlay-center{\ncolor:#ffffff;\n}\n<\/style>\n<div  class='avia-image-container av-fxxh3-71dd412335d8fd272e0d35b5d492ed29 av-styling- avia-align-center  avia-builder-el-17  avia-builder-el-no-sibling '   itemprop=\"image\" itemscope=\"itemscope\" itemtype=\"https:\/\/schema.org\/ImageObject\" ><div class=\"avia-image-container-inner\"><div class=\"avia-image-overlay-wrap\"><img decoding=\"async\" fetchpriority=\"high\" class='wp-image-520 avia-img-lazy-loading-not-520 avia_image ' src=\"https:\/\/smzwood.be\/wp-content\/uploads\/2024\/08\/WhatsApp-Image-2024-07-11-at-12.13.47-7-845x684.jpeg\" alt='' title='WhatsApp Image 2024-07-11 at 12.13.47 (7)'  height=\"684\" width=\"845\"  itemprop=\"thumbnailUrl\" srcset=\"https:\/\/smzwood.be\/wp-content\/uploads\/2024\/08\/WhatsApp-Image-2024-07-11-at-12.13.47-7-845x684.jpeg 845w, https:\/\/smzwood.be\/wp-content\/uploads\/2024\/08\/WhatsApp-Image-2024-07-11-at-12.13.47-7-495x400.jpeg 495w\" sizes=\"(max-width: 845px) 100vw, 845px\" \/><\/div><\/div><\/div><\/div>\n<div  class='flex_column av-hgv3j-f91b849ea65145ea9c3f8445838abaf9 av_one_half  avia-builder-el-18  el_after_av_one_half  el_before_av_slideshow_full  avia-builder-el-last  flex_column_div  column-top-margin'     ><style type=\"text\/css\" data-created_by=\"avia_inline_auto\" id=\"style-css-av-8arlz-2b10e9cefed0b7d20ab20e4870490a64\">\n.avia-image-container.av-8arlz-2b10e9cefed0b7d20ab20e4870490a64 img.avia_image{\nbox-shadow:none;\n}\n.avia-image-container.av-8arlz-2b10e9cefed0b7d20ab20e4870490a64 .av-image-caption-overlay-center{\ncolor:#ffffff;\n}\n<\/style>\n<div  class='avia-image-container av-8arlz-2b10e9cefed0b7d20ab20e4870490a64 av-styling- avia-align-center  avia-builder-el-19  avia-builder-el-no-sibling '   itemprop=\"image\" itemscope=\"itemscope\" itemtype=\"https:\/\/schema.org\/ImageObject\" ><div class=\"avia-image-container-inner\"><div class=\"avia-image-overlay-wrap\"><img decoding=\"async\" fetchpriority=\"high\" class='wp-image-541 avia-img-lazy-loading-not-541 avia_image ' src=\"https:\/\/smzwood.be\/wp-content\/uploads\/2024\/08\/Scherm\u00adafbeelding-2024-08-22-om-15.19.14-845x684.png\" alt='' title='Scherm\u00adafbeelding 2024-08-22 om 15.19.14'  height=\"684\" width=\"845\"  itemprop=\"thumbnailUrl\" srcset=\"https:\/\/smzwood.be\/wp-content\/uploads\/2024\/08\/Scherm\u00adafbeelding-2024-08-22-om-15.19.14-845x684.png 845w, https:\/\/smzwood.be\/wp-content\/uploads\/2024\/08\/Scherm\u00adafbeelding-2024-08-22-om-15.19.14-495x400.png 495w\" sizes=\"(max-width: 845px) 100vw, 845px\" \/><\/div><\/div><\/div><\/div>\n<\/div><\/div><\/div><!-- close content main div --><\/div><\/div><div id='full_slider_1'  class='avia-fullwidth-slider main_color avia-shadow   avia-builder-el-20  el_after_av_one_half  avia-builder-el-last   slider-not-first container_wrap fullsize'  ><div  class='avia-slideshow av-m05bvf83-c166def338ad5acfd2e0f21f8985b265 avia-slideshow-featured av_slideshow_full avia-slide-slider av-slideshow-ui av-control-default av-slideshow-manual av-loop-once av-loop-manual-endless av-default-height-applied   avia-slideshow-1' data-slideshow-options=\"{&quot;animation&quot;:&quot;slide&quot;,&quot;autoplay&quot;:false,&quot;loop_autoplay&quot;:&quot;once&quot;,&quot;interval&quot;:5,&quot;loop_manual&quot;:&quot;manual-endless&quot;,&quot;autoplay_stopper&quot;:false,&quot;noNavigation&quot;:false,&quot;bg_slider&quot;:false,&quot;keep_padding&quot;:false,&quot;hoverpause&quot;:false,&quot;show_slide_delay&quot;:0}\"  itemprop=\"image\" itemscope=\"itemscope\" itemtype=\"https:\/\/schema.org\/ImageObject\" ><ul class='avia-slideshow-inner ' style='padding-bottom: 28.666666666667%;'><li  class='avia-slideshow-slide av-m05bvf83-c166def338ad5acfd2e0f21f8985b265__0  av-single-slide slide-1 slide-odd'><div data-rel='slideshow-1' class='avia-slide-wrap '   ><img decoding=\"async\" fetchpriority=\"high\" class=\"wp-image-508 avia-img-lazy-loading-not-508\"  src=\"https:\/\/smzwood.be\/wp-content\/uploads\/2024\/08\/Scherm\u00adafbeelding-2024-08-22-om-13.58.05-1500x430.png\" width=\"1500\" height=\"430\" title='Scherm\u00adafbeelding 2024-08-22 om 13.58.05' alt=''  itemprop=\"thumbnailUrl\"   \/><\/div><\/li><\/ul><\/div><\/div>\n","protected":false},"excerpt":{"rendered":"","protected":false},"author":2,"featured_media":0,"parent":0,"menu_order":0,"comment_status":"closed","ping_status":"closed","template":"","meta":{"footnotes":""},"class_list":["post-1115","page","type-page","status-publish","hentry"],"_links":{"self":[{"href":"https:\/\/smzwood.be\/de\/wp-json\/wp\/v2\/pages\/1115"}],"collection":[{"href":"https:\/\/smzwood.be\/de\/wp-json\/wp\/v2\/pages"}],"about":[{"href":"https:\/\/smzwood.be\/de\/wp-json\/wp\/v2\/types\/page"}],"author":[{"embeddable":true,"href":"https:\/\/smzwood.be\/de\/wp-json\/wp\/v2\/users\/2"}],"replies":[{"embeddable":true,"href":"https:\/\/smzwood.be\/de\/wp-json\/wp\/v2\/comments?post=1115"}],"version-history":[{"count":15,"href":"https:\/\/smzwood.be\/de\/wp-json\/wp\/v2\/pages\/1115\/revisions"}],"predecessor-version":[{"id":1435,"href":"https:\/\/smzwood.be\/de\/wp-json\/wp\/v2\/pages\/1115\/revisions\/1435"}],"wp:attachment":[{"href":"https:\/\/smzwood.be\/de\/wp-json\/wp\/v2\/media?parent=1115"}],"curies":[{"name":"wp","href":"https:\/\/api.w.org\/{rel}","templated":true}]}}